{"id":1462,"date":"2022-05-25T08:46:48","date_gmt":"2022-05-25T08:46:48","guid":{"rendered":"http:\/\/mau3.maudep.com.vn\/duocpham\/?post_type=product&#038;p=1462"},"modified":"2022-05-25T08:51:52","modified_gmt":"2022-05-25T08:51:52","slug":"de-nam-dong-trung-ha-thao-say-kho-500ml","status":"publish","type":"product","link":"https:\/\/dongtrung.vinastar.info\/?product=de-nam-dong-trung-ha-thao-say-kho-500ml","title":{"rendered":"\u0110\u1ebf N\u1ea5m \u0110\u00f4ng Tr\u00f9ng H\u1ea1 Th\u1ea3o S\u1ea5y Kh\u00f4 500ML"},"content":{"rendered":"<h3><strong>THA\u0300NH PH\u00c2\u0300N:<\/strong><\/h3>\n<p>\u0110\u1ebf \u0111\u00f4ng tr\u00f9ng h\u1ea1 th\u1ea3o \u0111\u01b0\u1ee3c s\u1ea3n xu\u1ea5t t\u1eeb g\u1ea1o l\u1ee9t, \u0111\u1eadu xanh v\u00e0 l\u00f2ng \u0111\u1ecf tr\u1ee9ng g\u00e0<\/p>\n<h3><strong>CO\u0302NG DU\u0323NG:<\/strong><\/h3>\n<p>Ta\u0306ng cu\u031b\u01a1\u0300ng s\u01b0\u0301c kho\u0309e cho co\u031b th\u00ea\u0309, ta\u0323o nhi\u00ea\u0300u na\u0306ng lu\u031b\u01a1\u0323ng cho ngu\u031b\u01a1\u0300i s\u01b0\u0309 du\u0323ng<br \/>\nPho\u0300ng ca\u0301c b\u1eb9\u0302nh lie\u0302n quan \u0111\u00ea\u0301n \u0111u\u031b\u01a1\u0300ng ho\u0302 h\u00e2\u0301p nhu\u031b vie\u0302m ph\u00ea\u0301 nang, hen suy\u00ea\u0303n&#8230; phu\u0323c h\u00f4\u0300i ca\u0301c ph\u00ea\u0301 nang \u01a1\u0309 ph\u00f4\u0309i, gia\u0309m ki\u0301ch thi\u0301ch ta\u0323i vo\u0300m ho\u0323ng, gia\u0309m ho, tie\u0302u \u0111\u01a1\u0300m&#8230;<br \/>\nThu\u0301c \u0111\u00e2\u0309y h\u1eb9\u0302 mi\u00ea\u0303n di\u0323ch pha\u0301t tri\u00ea\u0309n t\u00f4\u0301t<br \/>\n\u0110i\u00ea\u0300u ho\u0300a h\u1eb9\u0302 tim ma\u0323ch, giu\u0301p tim \u0111\u1ea1\u0302p \u00f4\u0309n \u0111i\u0323nh, ta\u0306ng cu\u031b\u01a1\u0300ng lu\u031bu tho\u0302ng ma\u0301u,ch\u00f4\u0301ng xo\u031b v\u01b0\u0303a \u0111\u1ecd\u0302ng ma\u0323ch<br \/>\nGiups t\u1ea1\u0302p trung, ti\u00ea\u0301p thu trong la\u0300m vi\u1eb9\u0302c va\u0300 ho\u0323c t\u1ea1\u0302p t\u00f4\u0301t ho\u031bn<br \/>\nPhu\u0323c h\u00f4\u0300i ca\u0301c co\u031b quan trong co\u031b th\u00ea\u0309 nhu\u031b th\u1ea1\u0302n, tu\u0323y, gan&#8230;.<br \/>\nCh\u00f4\u0301ng la\u0303o ho\u0301a, cha\u0306m so\u0301c da, nga\u0306n ru\u0323ng to\u0301c<br \/>\nH\u00f4\u0303 tr\u01a1\u0323 \u0111i\u00ea\u0300u tri\u0323 va\u0300 \u01b0\u0301c ch\u00ea\u0301 t\u00ea\u0301 ba\u0300o ung thu\u031b pha\u0301t tri\u00ea\u0309n<\/p>\n<h3><strong>\u0110\u00d4\u0301I TU\u031b\u01a0\u0323NG S\u01af\u0309 DU\u0323NG:<\/strong><\/h3>\n<p>Ngu\u031b\u01a1\u0300i l\u01a1\u0301n tu\u00f4\u0309i,phu\u0323 n\u01b0\u0303, suy nhu\u031b\u01a1\u0323c co\u031b th\u00ea\u0309,suy nhu\u031b\u01a1\u0323c th\u00e2\u0300n kinh, ngu\u031b\u01a1\u0300i ho la\u0302u nga\u0300y, hen suy\u00ea\u0303n, ngu\u031b\u01a1\u0300i suy th\u1ea1\u0302n, b\u1eb9\u0302nh nha\u0302n \u0111i\u00ea\u0300u tri\u0323 ung thu\u031b, ngu\u031b\u01a1\u0300i m\u0103\u0301c b\u1eb9\u0302nh tim ma\u0323ch, ngu\u031b\u01a1\u0300i bi\u0323 b\u1eb9\u0302nh lie\u0302n quan \u0111\u00ea\u0301n ph\u00f4\u0309i, nam gi\u01a1\u0301i y\u00ea\u0301u sinh ly\u0301, ngu\u031b\u01a1\u0300i \u00f4\u0301m y\u00ea\u0301u, s\u01b0\u0301c \u0111\u00ea\u0300 kha\u0301ng ke\u0301m.<br \/>\nC\u1ea3 nam v\u00e0 n\u1eef nh\u1ea5t l\u00e0 nam gi\u1edbi ng\u01b0\u1eddi x.u\u1ea5t tinh s\u1edbm, y\u1ebfu sinh l\u00fd \u1edf ng\u01b0\u1eddi cao tu\u1ed5i<\/p>\n<h3><strong>CA\u0301CH DU\u0300NG<\/strong>:<\/h3>\n<p>H\u00e3m tr\u00e0 u\u1ed1ng, Ng\u00e2m v\u1edbi r\u01b0\u1ee3u (500gram &#8211; 10 l\u00edt r\u01b0\u1ee3u)<\/p>\n<h3><strong>BA\u0309O QUA\u0309N: <\/strong><\/h3>\n<p>No\u031bi kho\u0302 ra\u0301o, thoa\u0301ng ma\u0301t, sa\u0323ch se\u0303, chu\u031ba ch\u00ea\u0301 bi\u00ea\u0301n \u0111\u00ea\u0309 nga\u0306n ma\u0301t tu\u0309 la\u0323nh, tra\u0301nh a\u0301nh sa\u0301ng tr\u01b0\u0323c ti\u00ea\u0301p. TH\u00ca\u0309 TI\u0301CH TH\u01af\u0323C: 500ml<\/p>\n<p><span style=\"font-size: 16px;\">NSX va\u0300 HSD: in tre\u0302n bao bi\u0300<\/span><br \/>\n<span style=\"font-size: 16px;\">CHU\u0301 Y\u0301: Kho\u0302ng du\u0300ng cho tre\u0309 em du\u031b\u01a1\u0301i 5 tu\u00f4\u0309i<\/span><br \/>\n<span style=\"font-size: 16px;\">\u2618 Li\u00ean h\u1ec7 ngay \u0111\u1ec3 \u0111\u01b0\u1ee3c T\u01af V\u1ea4N \u0110\u1eb6T H\u00c0NG NGAY SAU 1&#8242;<\/span><br \/>\n<span style=\"font-size: 16px;\">\ud83c\udfaf\u0110\u1ecba ch\u1ec9: S\u1ed1 nh\u00e0 38 ph\u1ed1 \u0110\u1ed3ng Ti\u1ebfn t\u1ed5 29 khu 8 ph\u01b0\u1eddng Quang Trung &#8211; Tp U\u00f4ng B\u00ed &#8211; Qu\u1ea3ng Ninh .<\/span><br \/>\n<span style=\"font-size: 16px;\">Hotline: <strong>0904.664.388 (Mai Ph\u01b0\u01a1ng)<\/strong><\/span><br \/>\n<span style=\"font-size: 16px;\">Webiste: http:\/\/mau3.maudep.com.vn\/duocpham\/<\/span><\/p>\n","protected":false},"excerpt":{"rendered":"<p><span style=\"font-size: 16px;\">\u2618 Li\u00ean h\u1ec7 ngay \u0111\u1ec3 \u0111\u01b0\u1ee3c T\u01af V\u1ea4N \u0110\u1eb6T H\u00c0NG NGAY SAU 1&#8242;<\/span><br \/>\n<span style=\"font-size: 16px;\">\ud83c\udfaf\u0110\u1ecba ch\u1ec9: S\u1ed1 nh\u00e0 38 ph\u1ed1 \u0110\u1ed3ng Ti\u1ebfn t\u1ed5 29 khu 8 ph\u01b0\u1eddng Quang Trung &#8211; Tp U\u00f4ng B\u00ed &#8211; Qu\u1ea3ng Ninh .<\/span><br \/>\n<span style=\"font-size: 16px;\">Hotline: <strong>0904.664.388 (Mai Ph\u01b0\u01a1ng)<\/strong><\/span><br \/>\n<span style=\"font-size: 16px;\">Webiste: http:\/\/mau3.maudep.com.vn\/duocpham\/<\/span><\/p>\n","protected":false},"featured_media":1463,"comment_status":"open","ping_status":"closed","template":"","meta":[],"product_cat":[133,138],"product_tag":[],"acf":[],"_links":{"self":[{"href":"https:\/\/dongtrung.vinastar.info\/index.php?rest_route=\/wp\/v2\/product\/1462"}],"collection":[{"href":"https:\/\/dongtrung.vinastar.info\/index.php?rest_route=\/wp\/v2\/product"}],"about":[{"href":"https:\/\/dongtrung.vinastar.info\/index.php?rest_route=\/wp\/v2\/types\/product"}],"replies":[{"embeddable":true,"href":"https:\/\/dongtrung.vinastar.info\/index.php?rest_route=%2Fwp%2Fv2%2Fcomments&post=1462"}],"wp:featuredmedia":[{"embeddable":true,"href":"https:\/\/dongtrung.vinastar.info\/index.php?rest_route=\/wp\/v2\/media\/1463"}],"wp:attachment":[{"href":"https:\/\/dongtrung.vinastar.info\/index.php?rest_route=%2Fwp%2Fv2%2Fmedia&parent=1462"}],"wp:term":[{"taxonomy":"product_cat","embeddable":true,"href":"https:\/\/dongtrung.vinastar.info\/index.php?rest_route=%2Fwp%2Fv2%2Fproduct_cat&post=1462"},{"taxonomy":"product_tag","embeddable":true,"href":"https:\/\/dongtrung.vinastar.info\/index.php?rest_route=%2Fwp%2Fv2%2Fproduct_tag&post=1462"}],"curies":[{"name":"wp","href":"https:\/\/api.w.org\/{rel}","templated":true}]}}