{"id":1411,"date":"2022-05-21T00:59:46","date_gmt":"2022-05-21T00:59:46","guid":{"rendered":"http:\/\/mau3.maudep.com.vn\/duocpham\/?post_type=product&#038;p=1411"},"modified":"2022-05-26T03:09:43","modified_gmt":"2022-05-26T03:09:43","slug":"dong-trung-ha-thao-100-gam-12","status":"publish","type":"product","link":"https:\/\/dongtrung.vinastar.info\/?product=dong-trung-ha-thao-100-gam-12","title":{"rendered":"\u0110\u00f4ng tr\u00f9ng h\u1ea1 th\u1ea3o 10 gam"},"content":{"rendered":"<h3><strong>TH\u00c0NH PH\u1ea6N<\/strong><\/h3>\n<p>100% s\u01a1\u0323i qua\u0309 th\u00ea\u0309 tu\u031bo\u031bi \u0111u\u031b\u01a1\u0323c s\u00e2\u0301y tha\u0306ng hoa gi\u01b0\u0303 nguye\u0302n 17-19 loa\u0323i amino acid&#8230;ca\u0301c nguye\u0302n t\u00f4\u0301 vi lu\u031b\u01a1\u0323ng nhu\u031b AL,K,NA,Si, Nga, ca\u0301c vitamin B12,A,E,K&#8230;<br \/>\nAdenosine 0,96\/100g<br \/>\nCordycepin 105mg\/100g<\/p>\n<h3><strong>CO\u0302NG DU\u0323NG: <\/strong><\/h3>\n<p>H\u00f4\u0303 tr\u01a1\u0323 va\u0300 na\u0302ng cao na\u0306ng l\u01b0\u0323c ch\u00f4\u0301ng ung thu\u031b va\u0300 \u0111i\u00ea\u0300u tri\u0323 xa\u0323 tri\u0323 Ta\u0306ng cu\u031b\u01a1\u0300ng ch\u01b0\u0301c na\u0306ng sinh ly\u0301, giu\u0301p cu\u031b\u01a1\u0300ng du\u031bo\u031bng va\u0300 ch\u00f4\u0301ng li\u1eb9\u0302t du\u031bo\u031bng Ta\u0306ng cu\u031b\u01a1\u0300ng ch\u01b0\u0301c na\u0306ng gan, h\u00f4\u0303 tr\u01a1\u0323 \u0111i\u00ea\u0300u tri\u0323 ca\u0301c b\u1eb9\u0302nh v\u00ea\u0300 gan<br \/>\nTa\u0306ng cu\u031b\u01a1\u0300ng h\u1eb9\u0302 mi\u00ea\u0303n di\u0323ch va\u0300 ta\u0306ng s\u01b0\u0301c \u0111\u00ea\u0300 kha\u0301ng<\/p>\n<p>La\u0300m ch\u1ea1\u0302m qua\u0301 tri\u0300nh la\u0303o ho\u0301a, \u0111e\u0323p da, nga\u0306n ng\u01b0\u0300a ca\u0301c v\u00ea\u0301t \u0111\u00f4\u0300i m\u00f4\u0300i<\/p>\n<p>Pho\u0300ng ch\u00f4\u0301ng ca\u0301c b\u1eb9\u0302nh r\u00f4\u0301i loa\u0323n v\u00ea\u0300 tim ma\u0323ch, \u00f4\u0309n \u0111i\u0323nh huy\u00ea\u0301t a\u0301p, h\u00f4\u0303 tr\u01a1\u0323 b\u1eb9\u0302nh ti\u00ea\u0309u \u0111u\u031b\u01a1\u0300ng, vie\u0302m ph\u00f4\u0309i<\/p>\n<p>\u0110i\u00ea\u0300u ti\u00ea\u0301t lu\u031b\u01a1\u0323ng cholesterol trong ma\u0301u<\/p>\n<p>Gia\u0309i \u0111\u1ecd\u0302c co\u031b th\u00ea\u0309, b\u00f4\u0309 th\u1ea1\u0302n, gia\u0309m thi\u00ea\u0309u ca\u0301c ch\u01b0\u0301ng ti\u00ea\u0309u nh\u0103\u0301t, ti\u00ea\u0309u \u0111e\u0302m<\/p>\n<p>Ha\u0323n ch\u00ea\u0301 ca\u0301c b\u1eb9\u0302nh \u01a1\u0309 tu\u00f4\u0309i gia\u0300, kha\u0301ng vie\u0302m va\u0300 tie\u0302u vie\u0302m<\/p>\n<p>Gia\u0309m nh\u01b0\u0301c mo\u0309i, \u0111au lu\u031bng, vie\u0302m kh\u01a1\u0301p<\/p>\n<h3><strong>\u0110\u00d4\u0301I TU\u031b\u01a0\u0323NG S\u01af\u0309 DU\u0323NG:<\/strong><\/h3>\n<p>Ngu\u031b\u01a1\u0300i l\u01a1\u0301n tu\u00f4\u0309i, phu\u0323 n\u01b0\u0303, suy nhu\u031b\u01a1\u0323c co\u031b th\u00ea\u0309,suy nhu\u031b\u01a1\u0323c th\u00e2\u0300n kinh, ngu\u031b\u01a1\u0300i ho la\u0302u nga\u0300y, hen suy\u00ea\u0303n, ngu\u031b\u01a1\u0300i<br \/>\nsuy th\u1ea1\u0302n, b\u1eb9\u0302nh nha\u0302n \u0111i\u00ea\u0300u tri\u0323 ung thu\u031b, ngu\u031b\u01a1\u0300i m\u0103\u0301c b\u1eb9\u0302nh tim ma\u0323ch, ngu\u031b\u01a1\u0300i bi\u0323 b\u1eb9\u0302nh lie\u0302n quan \u0111\u00ea\u0301n ph\u00f4\u0309i,<br \/>\nnam gi\u01a1\u0301i y\u00ea\u0301u sinh ly\u0301, ngu\u031b\u01a1\u0300i \u00f4\u0301m y\u00ea\u0301u, s\u01b0\u0301c \u0111\u00ea\u0300 kha\u0301ng ke\u0301m.<\/p>\n<h3><strong>CA\u0301CH DU\u0300NG:<\/strong><\/h3>\n<p>Ha\u0303m v\u01a1\u0301i nu\u031b\u01a1\u0301c no\u0301ng, nga\u0302m m\u1ea1\u0302t ong, nga\u0302m ru\u031b\u01a1\u0323u, n\u00e2\u0301u cha\u0301o, h\u00e2\u0300m v\u01a1\u0301i ca\u0301c loa\u0323i thi\u0323t&#8230;<br \/>\nPha tra\u0300 du\u0300ng 2.5g(7-10 s\u01a1\u0323i n\u00e2\u0301m) pha nu\u031b\u01a1\u0301c so\u0302i \u0111\u00ea\u0309 15p du\u0300ng \u0111u\u031b\u01a1\u0323c, a\u0306n luo\u0302n ca\u0309 n\u00e2\u0301m.<\/p>\n<h3><strong>BA\u0309O QUA\u0309N: <\/strong><\/h3>\n<p>No\u031bi kho\u0302 ra\u0301o, thoa\u0301ng ma\u0301t, sa\u0323ch se\u0303, chu\u031ba ch\u00ea\u0301 bi\u00ea\u0301n \u0111\u00ea\u0309 nga\u0306n ma\u0301t tu\u0309 la\u0323nh, tra\u0301nh a\u0301nh sa\u0301ng tr\u01b0\u0323c ti\u00ea\u0301p. KH\u00d4\u0301I TU\u031b\u01a0\u0323NG TI\u0323NH: 10g<\/p>\n<p>NSX va\u0300 HSD: in tre\u0302n bao bi\u0300<\/p>\n<p>CHU\u0301 Y\u0301: Kho\u0302ng du\u0300ng cho tre\u0309 em du\u031b\u01a1\u0301i 5 tu\u00f4\u0309i<\/p>\n<p>GIA\u0301 NIE\u0302M Y\u00ca\u0301T: 300.000VN\u0110\/ 1 H\u1ecc\u0302P 10g<\/p>\n<p>\u2618 Li\u00ean h\u1ec7 ngay \u0111\u1ec3 \u0111\u01b0\u1ee3c T\u01af V\u1ea4N \u0110\u1eb6T H\u00c0NG NGAY SAU 1&#8242;<\/p>\n<p>\ud83c\udfaf\u0110\u1ecba ch\u1ec9: S\u1ed1 nh\u00e0 38 ph\u1ed1 \u0110\u1ed3ng Ti\u1ebfn t\u1ed5 29 khu 8 ph\u01b0\u1eddng Quang Trung &#8211; Tp U\u00f4ng B\u00ed &#8211; Qu\u1ea3ng Ninh .<\/p>\n<p>Hotline: 0904.664.388 (Mai Ph\u01b0\u01a1ng)<\/p>\n<p>Webiste: http:\/\/mau3.maudep.com.vn\/duocpham\/<\/p>\n","protected":false},"excerpt":{"rendered":"<p>Quy c\u00e1ch \u0111\u00f3ng g\u00f3i: H\u1ed9p th\u1ee7y tinh \u0111\u1ef1ng trong bao b\u00ec gi\u1ea5y c\u1ee9ng.<\/p>\n<p>C\u00f3 tem ch\u1ed1ng h\u00e0ng gi\u1ea3.<\/p>\n<p>Kh\u1ed1i l\u01b0\u1ee3ng t\u1ecbnh: 10 gram.<\/p>\n<p>N\u01a1i s\u1ea3n xu\u1ea5t: C\u00f4ng ty\u00a0 TNHH Ph\u01b0\u01a1ng Th\u00f9y<\/p>\n","protected":false},"featured_media":1498,"comment_status":"open","ping_status":"closed","template":"","meta":[],"product_cat":[15,139,134,133,136,135,137,142,138,132,143,144,146],"product_tag":[],"acf":[],"_links":{"self":[{"href":"https:\/\/dongtrung.vinastar.info\/index.php?rest_route=\/wp\/v2\/product\/1411"}],"collection":[{"href":"https:\/\/dongtrung.vinastar.info\/index.php?rest_route=\/wp\/v2\/product"}],"about":[{"href":"https:\/\/dongtrung.vinastar.info\/index.php?rest_route=\/wp\/v2\/types\/product"}],"replies":[{"embeddable":true,"href":"https:\/\/dongtrung.vinastar.info\/index.php?rest_route=%2Fwp%2Fv2%2Fcomments&post=1411"}],"wp:featuredmedia":[{"embeddable":true,"href":"https:\/\/dongtrung.vinastar.info\/index.php?rest_route=\/wp\/v2\/media\/1498"}],"wp:attachment":[{"href":"https:\/\/dongtrung.vinastar.info\/index.php?rest_route=%2Fwp%2Fv2%2Fmedia&parent=1411"}],"wp:term":[{"taxonomy":"product_cat","embeddable":true,"href":"https:\/\/dongtrung.vinastar.info\/index.php?rest_route=%2Fwp%2Fv2%2Fproduct_cat&post=1411"},{"taxonomy":"product_tag","embeddable":true,"href":"https:\/\/dongtrung.vinastar.info\/index.php?rest_route=%2Fwp%2Fv2%2Fproduct_tag&post=1411"}],"curies":[{"name":"wp","href":"https:\/\/api.w.org\/{rel}","templated":true}]}}