{"id":1409,"date":"2022-05-21T00:59:39","date_gmt":"2022-05-21T00:59:39","guid":{"rendered":"http:\/\/mau3.maudep.com.vn\/duocpham\/?post_type=product&#038;p=1409"},"modified":"2022-05-26T03:12:12","modified_gmt":"2022-05-26T03:12:12","slug":"dong-trung-ha-thao-100-gam-10","status":"publish","type":"product","link":"https:\/\/dongtrung.vinastar.info\/?product=dong-trung-ha-thao-100-gam-10","title":{"rendered":"Vi\u00ean Nang \u0110\u00f4ng Tr\u00f9ng H\u1ea1 Th\u1ea3o H\u1ed3ng S\u00e2m Ph\u01b0\u01a1ng Th\u00f9y 60 Vi\u00ean\/H\u1ed9p"},"content":{"rendered":"<h3><strong>THA\u0300NH PH\u00c2\u0300N:<\/strong><\/h3>\n<p>Lysinc Hcl, Cao \u0111o\u0302ng tru\u0300ng ha\u0323 tha\u0309o, Cao Cu\u0301c Ti\u0301m, Cao H\u00f4\u0300ng Sa\u0302m, Betaglucan 80%, Ke\u0303m gluconat, Vitamin B5, PP, B6, B1, B2<br \/>\nCO\u0302NG DU\u0323NG:<br \/>\nB\u00f4\u0309 sung lysine, beta glucan, h\u00f4\u0303 tr\u01a1\u0323 ta\u0306ng cu\u031b\u01a1\u0300ng s\u01b0\u0301c \u0111\u00ea\u0300 kha\u0301ng, ta\u0306ng cu\u031b\u01a1\u0300ng tie\u0302u ho\u0301a, giu\u0301p a\u0306n ngon mi\u1eb9\u0302ng, ca\u0309i thi\u1eb9\u0302n tri\u1eb9\u0302u tr\u01b0\u0301ng va\u0300 gia\u0309m nguy co\u031b vie\u0302m \u0111u\u031b\u01a1\u0300ng ho\u0302 h\u00e2\u0301p do s\u01b0\u0301c \u0111\u00ea\u0300 kha\u0301ng ke\u0301m.<\/p>\n<h3><strong>\u0110\u00d4\u0301I TU\u031b\u01a0\u0323NG S\u01af\u0309 DU\u0323NG:<\/strong><\/h3>\n<p>Ngu\u031b\u01a1\u0300i bi\u00ea\u0301ng a\u0306n, tie\u0302u ho\u0301a ke\u0301m, suy dinh du\u031b\u01a1\u0303ng, th\u00ea\u0309 tra\u0323ng y\u00ea\u0301u, s\u01b0\u0301c \u0111\u00ea\u0300 kha\u0301ng ke\u0301m.Ngu\u031b\u01a1\u0300i m\u01a1\u0301i \u00f4\u0301m d\u1ea1\u0302y co\u0301 nhu c\u00e2\u0300u b\u00f4\u0300i b\u00f4\u0309 s\u01b0\u0301c kho\u0309e. Ngu\u031b\u01a1\u0300i hay bi\u0323 vie\u0302m \u0111u\u031b\u01a1\u0300ng ho\u0302 h\u00e2\u0301p (vie\u0302m ho\u0323ng, vie\u0302m ph\u00ea\u0301 qua\u0309n) khi thay \u0111\u00f4\u0309i th\u01a1\u0300i ti\u00ea\u0301t, giao mu\u0300a do s\u01b0\u0301c \u0111\u00ea\u0300 kha\u0301ng ke\u0301m<\/p>\n<h3><strong>CA\u0301CH DU\u0300NG:<\/strong><\/h3>\n<p>U\u00f4\u0301ng 1 &#8211; 2 vie\u0302n\/l\u00e2\u0300n<\/p>\n<p>U\u00f4\u0301ng 2 l\u00e2\u0300n\/nga\u0300y<\/p>\n<p>BA\u0309O QUA\u0309N: No\u031bi kho\u0302 ra\u0301o, thoa\u0301ng ma\u0301t, sa\u0323ch se\u0303, tra\u0301nh a\u0301nh sa\u0301ng tr\u01b0\u0323c ti\u00ea\u0301p.<\/p>\n<p>KH\u00d4\u0301I LU\u031b\u01a0\u0323NG TI\u0323NH: 60 vie\u0302n\/h\u1ecd\u0302p<\/p>\n<p>NSX va\u0300 HSD: in tre\u0302n bao bi\u0300<\/p>\n<p>S\u1ea3n ph\u1ea9m n\u00e0y kh\u00f4ng ph\u1ea3i l\u00e0 thu\u1ed1c v\u00e0 kh\u00f4ng c\u00f3 t\u00e1c d\u1ee5ng thay th\u1ebf thu\u1ed1c ch\u1eefa b\u1ec7nh<\/p>\n<p>\u2618 Li\u00ean h\u1ec7 ngay \u0111\u1ec3 \u0111\u01b0\u1ee3c T\u01af V\u1ea4N \u0110\u1eb6T H\u00c0NG NGAY SAU 1&#8242;<\/p>\n<p>\ud83c\udfaf\u0110\u1ecba ch\u1ec9: S\u1ed1 nh\u00e0 38 ph\u1ed1 \u0110\u1ed3ng Ti\u1ebfn t\u1ed5 29 khu 8 ph\u01b0\u1eddng Quang Trung &#8211; Tp U\u00f4ng B\u00ed &#8211; Qu\u1ea3ng Ninh .<\/p>\n<p>Hotline: 0904.664.388 (Mai Ph\u01b0\u01a1ng)<\/p>\n<p>Webiste: http:\/\/mau3.maudep.com.vn\/duocpham\/<\/p>\n","protected":false},"excerpt":{"rendered":"<p>Quy c\u00e1ch \u0111\u00f3ng g\u00f3i: H\u1ed9p th\u1ee7y tinh \u0111\u1ef1ng trong bao b\u00ec gi\u1ea5y c\u1ee9ng.<\/p>\n<p>C\u00f3 tem ch\u1ed1ng h\u00e0ng gi\u1ea3.<\/p>\n<p>Kh\u1ed1i l\u01b0\u1ee3ng t\u1ecbnh: 60 gram.<\/p>\n<p>N\u01a1i s\u1ea3n xu\u1ea5t: N\u01a1i s\u1ea3n xu\u1ea5t: C\u00f4ng ty\u00a0 TNHH Ph\u01b0\u01a1ng Th\u00f9y<\/p>\n","protected":false},"featured_media":1491,"comment_status":"open","ping_status":"closed","template":"","meta":[],"product_cat":[133,142,132],"product_tag":[],"acf":[],"_links":{"self":[{"href":"https:\/\/dongtrung.vinastar.info\/index.php?rest_route=\/wp\/v2\/product\/1409"}],"collection":[{"href":"https:\/\/dongtrung.vinastar.info\/index.php?rest_route=\/wp\/v2\/product"}],"about":[{"href":"https:\/\/dongtrung.vinastar.info\/index.php?rest_route=\/wp\/v2\/types\/product"}],"replies":[{"embeddable":true,"href":"https:\/\/dongtrung.vinastar.info\/index.php?rest_route=%2Fwp%2Fv2%2Fcomments&post=1409"}],"wp:featuredmedia":[{"embeddable":true,"href":"https:\/\/dongtrung.vinastar.info\/index.php?rest_route=\/wp\/v2\/media\/1491"}],"wp:attachment":[{"href":"https:\/\/dongtrung.vinastar.info\/index.php?rest_route=%2Fwp%2Fv2%2Fmedia&parent=1409"}],"wp:term":[{"taxonomy":"product_cat","embeddable":true,"href":"https:\/\/dongtrung.vinastar.info\/index.php?rest_route=%2Fwp%2Fv2%2Fproduct_cat&post=1409"},{"taxonomy":"product_tag","embeddable":true,"href":"https:\/\/dongtrung.vinastar.info\/index.php?rest_route=%2Fwp%2Fv2%2Fproduct_tag&post=1409"}],"curies":[{"name":"wp","href":"https:\/\/api.w.org\/{rel}","templated":true}]}}