{"id":1408,"date":"2022-05-21T00:59:38","date_gmt":"2022-05-21T00:59:38","guid":{"rendered":"http:\/\/mau3.maudep.com.vn\/duocpham\/?post_type=product&#038;p=1408"},"modified":"2022-05-26T02:53:10","modified_gmt":"2022-05-26T02:53:10","slug":"dong-trung-ha-thao-100-gam-9","status":"publish","type":"product","link":"https:\/\/dongtrung.vinastar.info\/?product=dong-trung-ha-thao-100-gam-9","title":{"rendered":"Y\u1ebfn S\u00e0o \u0110\u00f4ng Tr\u00f9ng H\u1ea1 Th\u1ea3o Ph\u01b0\u01a1ng Th\u00f9y 70ML"},"content":{"rendered":"<p>\u0110o\u0302ng tru\u0300ng ha\u0323 tha\u0309o 1500mg T\u00f4\u0309 y\u00ea\u0301n 10000mg<br \/>\n\u0110u\u031b\u01a1\u0300ng phe\u0300n 5000mg<br \/>\nNu\u031b\u01a1\u0301c tinh khi\u00ea\u0301t v\u01b0\u0300a \u0111u\u0309 70ml CO\u0302NG DU\u0323NG<\/p>\n<p>B\u00f4\u0300i b\u00f4\u0309 s\u01b0\u0301c kho\u0309e, ta\u0306ng cu\u031b\u01a1\u0300ng s\u01b0\u0301c \u0111\u00ea\u0300 kha\u0301ng, b\u00f4\u0309 ph\u00ea\u0301 ph\u00f4\u0309i, gia\u0309m oxi ho\u0301a, \u0111e\u0323p da \u0110\u00d4\u0301I TU\u031b\u01a0\u0323NG S\u01af\u0309 DU\u0323NG<br \/>\nNh\u01b0\u0303ng ngu\u031b\u01a1\u0300i c\u00e2\u0300n b\u00f4\u0300i b\u00f4\u0309 s\u01b0\u0301c kho\u0309e, ta\u0306ng s\u01b0\u0301c \u0111\u00ea\u0300 kha\u0301ng, ngu\u031b\u01a1\u0300i b\u1eb9\u0302nh \u00f4\u0301m y\u00ea\u0301u va\u0300 ngu\u031b\u01a1\u0300i sau ph\u00e2\u0303u thu\u1ea1\u0302t&#8230;<\/p>\n<p>CA\u0301CH DU\u0300NG:<\/p>\n<p>U\u00f4\u0301ng tr\u01b0\u0323c ti\u00ea\u0301p t\u01b0\u0300 lo\u0323<br \/>\nU\u00f4\u0301ng 1 \u0111\u00ea\u0301n 2lo\u0323\/ nga\u0300y<br \/>\nThi\u0301ch h\u01a1\u0323p cho mo\u0323i \u0111\u1ecd\u0302 tu\u00f4\u0309i &gt;=5<br \/>\nNe\u0302n s\u01b0\u0309 du\u0323ng h\u00ea\u0301t khi \u0111a\u0303 m\u01a1\u0309 l\u0103\u0301p<br \/>\nL\u0103\u0301c nhe\u0323 tru\u031b\u01a1\u0301c khi u\u00f4\u0301ng, ngon ho\u031bn khi u\u00f4\u0301ng la\u0323nh<br \/>\nBA\u0309O QUA\u0309N: Nhi\u1eb9\u0302t \u0111\u1ecd\u0302 thu\u031b\u01a1\u0300ng, no\u031bi kho\u0302 ra\u0301o, thoa\u0301ng ma\u0301t TH\u00ca\u0309 TI\u0301CH TH\u01af\u0323C: 70ML<br \/>\nNSX VA\u0300 HSD: In tre\u0302n bao bi\u0300<br \/>\nCHU\u0301 Y\u0301: Kho\u0302ng du\u0300ng cho tre\u0309 em du\u031b\u01a1\u0301i 5 tu\u00f4\u0309i<\/p>\n<p>\ud83c\udfec C\u00d4NG TY TNHH S\u1ea2N XU\u1ea4T V\u00c0 TM PH\u01af\u01a0NG TH\u00d9Y<br \/>\n\u260e\ufe0f HOTLINE\/ZALO: 090.4664.388<br \/>\n\ud83e\udd35 \u0110\u1ecba ch\u1ec9: S\u1ed0 38 T\u1ed4 29 KHU 8 QUANG TRUNG, U\u00d4NG B\u00cd, QU\u1ea2NG NINH.<\/p>\n","protected":false},"excerpt":{"rendered":"<p>Quy c\u00e1ch \u0111\u00f3ng g\u00f3i: H\u1ed9p th\u1ee7y tinh \u0111\u1ef1ng trong bao b\u00ec gi\u1ea5y c\u1ee9ng. C\u00f3 tem ch\u1ed1ng h\u00e0ng gi\u1ea3 (qu\u00e9t QR Code b\u1eb1ng ph\u1ea7n m\u1ec1m Icheck ho\u1eb7c nh\u1eafn tin m\u00e3 c\u00e0o theo c\u00fa ph\u00e1p: IC &lt;d\u1ea5u c\u00e1ch&gt; M\u00c3 S\u1ed0 g\u1eedi 8077).<\/p>\n<p>Kh\u1ed1i l\u01b0\u1ee3ng t\u1ecbnh: 70 gram.<\/p>\n<p>N\u01a1i s\u1ea3n xu\u1ea5t: C\u00f4ng ty\u00a0 TNHH Ph\u01b0\u01a1ng Th\u00f9y<\/p>\n","protected":false},"featured_media":1493,"comment_status":"open","ping_status":"closed","template":"","meta":[],"product_cat":[133,142,132],"product_tag":[],"acf":[],"_links":{"self":[{"href":"https:\/\/dongtrung.vinastar.info\/index.php?rest_route=\/wp\/v2\/product\/1408"}],"collection":[{"href":"https:\/\/dongtrung.vinastar.info\/index.php?rest_route=\/wp\/v2\/product"}],"about":[{"href":"https:\/\/dongtrung.vinastar.info\/index.php?rest_route=\/wp\/v2\/types\/product"}],"replies":[{"embeddable":true,"href":"https:\/\/dongtrung.vinastar.info\/index.php?rest_route=%2Fwp%2Fv2%2Fcomments&post=1408"}],"wp:featuredmedia":[{"embeddable":true,"href":"https:\/\/dongtrung.vinastar.info\/index.php?rest_route=\/wp\/v2\/media\/1493"}],"wp:attachment":[{"href":"https:\/\/dongtrung.vinastar.info\/index.php?rest_route=%2Fwp%2Fv2%2Fmedia&parent=1408"}],"wp:term":[{"taxonomy":"product_cat","embeddable":true,"href":"https:\/\/dongtrung.vinastar.info\/index.php?rest_route=%2Fwp%2Fv2%2Fproduct_cat&post=1408"},{"taxonomy":"product_tag","embeddable":true,"href":"https:\/\/dongtrung.vinastar.info\/index.php?rest_route=%2Fwp%2Fv2%2Fproduct_tag&post=1408"}],"curies":[{"name":"wp","href":"https:\/\/api.w.org\/{rel}","templated":true}]}}