{"id":510,"date":"2019-03-06T08:02:47","date_gmt":"2019-03-06T08:02:47","guid":{"rendered":"http:\/\/mau3.maudep.com.vn\/duocpham\/?page_id=510"},"modified":"2022-05-21T01:53:07","modified_gmt":"2022-05-21T01:53:07","slug":"lien-he","status":"publish","type":"page","link":"https:\/\/dongtrung.vinastar.info\/?page_id=510","title":{"rendered":"Li\u00ean h\u1ec7"},"content":{"rendered":"\t<section class=\"section\" id=\"section_2098109964\">\n\t\t<div class=\"bg section-bg fill bg-fill  bg-loaded\" >\n\n\t\t\t\n\t\t\t\n\t\t\t\n\n\t\t<\/div><!-- .section-bg -->\n\n\t\t<div class=\"section-content relative\">\n\t\t\t\n<div class=\"row\"  id=\"row-1268192974\">\n<div class=\"col medium-6 small-12 large-6\"  ><div class=\"col-inner\"  >\n<h2><span>TH\u00d4NG TIN LI\u00caN H\u1ec6<\/span><\/h2>\n<h2><span style=\"color: #000000;\"><strong>C\u00f4ng ty THNN S\u1ea3n Xu\u1ea5t v\u00e0 Th\u01b0\u01a1ng M\u1ea1i Ph\u01b0\u01a1ng Th\u00f9y<\/strong><\/span><\/h2>\n<p><i class=\"fa fa-map-marker\"><\/i> \u0110\u1ecba ch\u1ec9: S\u1ed1 nh\u00e0 38 \u0110\u1ed3ng Ti\u1ebfn, ph\u01b0\u1eddng Quang Trung, TP <br \/>U\u00f4ng B\u00ed \u2013 t\u1ec9nh Qu\u1ea3ng Ninh<\/p>\n<p><i class=\"fa fa-phone\"><\/i> \u0110i\u1ec7n tho\u1ea1i: 0936.066.288<\/p>\n<p><i class=\"fa fa-envelope\"><\/i> Email: Ctytnhhphuongthuy@gmail.com<\/p>\n<p><i class=\"fa fa-facebook-square\"><\/i> Fanpage:https:\/\/www.facebook.com\/Dthtphuongthuy<\/p>\n<p><i class=\"fa fa-clock\"><\/i> Gi\u1edd l\u00e0m vi\u1ec7c: 08:30 \u2013 18:30<\/p>\n<p>\u00a0<\/p>\n<\/div><\/div>\n<div class=\"col medium-6 small-12 large-6\"  ><div class=\"col-inner\"  >\n<div class=\"wpcf7 no-js\" id=\"wpcf7-f10-o1\" lang=\"en-US\" dir=\"ltr\">\n<div class=\"screen-reader-response\"><p role=\"status\" aria-live=\"polite\" aria-atomic=\"true\"><\/p> <ul><\/ul><\/div>\n<form action=\"\/index.php?rest_route=%2Fwp%2Fv2%2Fpages%2F510#wpcf7-f10-o1\" method=\"post\" class=\"wpcf7-form init\" aria-label=\"Contact form\" novalidate=\"novalidate\" data-status=\"init\">\n<div style=\"display: none;\">\n<input type=\"hidden\" name=\"_wpcf7\" value=\"10\" \/>\n<input type=\"hidden\" name=\"_wpcf7_version\" value=\"5.7.1\" \/>\n<input type=\"hidden\" name=\"_wpcf7_locale\" value=\"en_US\" \/>\n<input type=\"hidden\" name=\"_wpcf7_unit_tag\" value=\"wpcf7-f10-o1\" \/>\n<input type=\"hidden\" name=\"_wpcf7_container_post\" value=\"0\" \/>\n<input type=\"hidden\" name=\"_wpcf7_posted_data_hash\" value=\"\" \/>\n<\/div>\n<h2>\u0110\u0102NG K\u00dd NGAY\n<\/h2>\n<p><span class=\"wpcf7-form-control-wrap\" data-name=\"text-644\"><input size=\"40\" class=\"wpcf7-form-control wpcf7-text wpcf7-validates-as-required\" aria-required=\"true\" aria-invalid=\"false\" placeholder=\"H\u1ecd v\u00e0 t\u00ean\" value=\"\" type=\"text\" name=\"text-644\" \/><\/span><br \/>\n<span class=\"wpcf7-form-control-wrap\" data-name=\"email-502\"><input size=\"40\" class=\"wpcf7-form-control wpcf7-text wpcf7-email wpcf7-validates-as-required wpcf7-validates-as-email\" aria-required=\"true\" aria-invalid=\"false\" placeholder=\"Email\" value=\"\" type=\"email\" name=\"email-502\" \/><\/span><br \/>\n<span class=\"wpcf7-form-control-wrap\" data-name=\"tel-487\"><input size=\"40\" class=\"wpcf7-form-control wpcf7-text wpcf7-tel wpcf7-validates-as-required wpcf7-validates-as-tel\" aria-required=\"true\" aria-invalid=\"false\" placeholder=\"S\u1ed1 \u0111i\u1ec7n tho\u1ea1i\" value=\"\" type=\"tel\" name=\"tel-487\" \/><\/span><br \/>\n<span class=\"wpcf7-form-control-wrap\" data-name=\"textarea-692\"><textarea cols=\"40\" rows=\"10\" class=\"wpcf7-form-control wpcf7-textarea wpcf7-validates-as-required\" aria-required=\"true\" aria-invalid=\"false\" name=\"textarea-692\">N\u1ed9i dung<\/textarea><\/span><br \/>\n<input class=\"wpcf7-form-control has-spinner wpcf7-submit\" type=\"submit\" value=\"\u0110\u0103ng k\u00fd\" \/>\n<\/p><div class=\"wpcf7-response-output\" aria-hidden=\"true\"><\/div><\/form><\/div>\n<\/div><\/div>\n<\/div>\n\t\t<\/div><!-- .section-content -->\n\n\t\t\n<style scope=\"scope\">\n\n#section_2098109964 {\n  padding-top: 30px;\n  padding-bottom: 30px;\n}\n<\/style>\n\t<\/section>\n\t\n","protected":false},"excerpt":{"rendered":"","protected":false},"author":1,"featured_media":0,"parent":0,"menu_order":0,"comment_status":"closed","ping_status":"closed","template":"page-blank.php","meta":[],"acf":[],"_links":{"self":[{"href":"https:\/\/dongtrung.vinastar.info\/index.php?rest_route=\/wp\/v2\/pages\/510"}],"collection":[{"href":"https:\/\/dongtrung.vinastar.info\/index.php?rest_route=\/wp\/v2\/pages"}],"about":[{"href":"https:\/\/dongtrung.vinastar.info\/index.php?rest_route=\/wp\/v2\/types\/page"}],"author":[{"embeddable":true,"href":"https:\/\/dongtrung.vinastar.info\/index.php?rest_route=\/wp\/v2\/users\/1"}],"replies":[{"embeddable":true,"href":"https:\/\/dongtrung.vinastar.info\/index.php?rest_route=%2Fwp%2Fv2%2Fcomments&post=510"}],"version-history":[{"count":0,"href":"https:\/\/dongtrung.vinastar.info\/index.php?rest_route=\/wp\/v2\/pages\/510\/revisions"}],"wp:attachment":[{"href":"https:\/\/dongtrung.vinastar.info\/index.php?rest_route=%2Fwp%2Fv2%2Fmedia&parent=510"}],"curies":[{"name":"wp","href":"https:\/\/api.w.org\/{rel}","templated":true}]}}