{"id":508,"date":"2019-03-06T08:02:34","date_gmt":"2019-03-06T08:02:34","guid":{"rendered":"http:\/\/mau3.maudep.com.vn\/duocpham\/?page_id=508"},"modified":"2022-05-26T06:35:18","modified_gmt":"2022-05-26T06:35:18","slug":"gioi-thieu","status":"publish","type":"page","link":"https:\/\/dongtrung.vinastar.info\/?page_id=508","title":{"rendered":"Gi\u1edbi thi\u1ec7u"},"content":{"rendered":"<p>\u0110\u00f4ng tr\u00f9ng h\u1ea1 th\u1ea3o Ph\u01b0\u01a1ng Th\u00f9y s\u1ea3n ph\u1ea9m v\u00ec s\u1ee9c kh\u1ecfe ng\u01b0\u1eddi vi\u1ec7t nh\u1eadn t\u00f4n vinh th\u01b0\u01a1ng hi\u1ec7u v\u00e0ng n\u00f4ng nghi\u1ec7p Vi\u1ec7t Nam n\u0103m 2021.<\/p>\n<p>\u0110\u1ec3 c\u00f3 m\u1ed9t s\u1ee9c kh\u1ecfe t\u1ed1t b\u1ea3o v\u1ec7 ng\u01b0\u1eddi th\u00e2n v\u00e0 gia \u0111\u00ecnh v\u01b0\u1ee3t qua d\u1ecbch b\u1ec7nh.<\/p>\n<p>\ud83d\ude9b Giao h\u00e0ng to\u00e0n qu\u1ed1c, nhanh ch\u00f3ng &#8211; \u0110\u01b0\u1ee3c ki\u1ec3m tra h\u00e0ng &#8211; H\u00e0i l\u00f2ng m\u1edbi thanh to\u00e1n.<\/p>\n<p>\ud83c\udf0d Tuy\u1ec3n CTV v\u00e0 b\u00e1n S\u1ec9 gi\u00e1 t\u1ed1t<\/p>\n<p>\ud83c\udf47 Mua nhi\u1ec1u s\u1ebd \u0111\u01b0\u1ee3c h\u01b0\u1edfng ch\u00ednh s\u00e1ch t\u1ed1t nh\u1ea5t c\u1ee7a C\u00f4ng ty.<\/p>\n<p>\u260e \u0110\u1ecba ch\u1ec9: S\u1ed1 nh\u00e0 38 ph\u1ed1 \u0110\u1ed3ng Ti\u1ebfn t\u1ed5 29 khu 8 ph\u01b0\u1eddng Quang Trung, Tp U\u00f4ng B\u00ed Qu\u1ea3ng Ninh .<\/p>\n<p>Ch\u00fang t\u00f4i lu\u00f4n giao h\u00e0ng si\u00eau t\u1ed1c v\u1edbi ti\u00eau ch\u00ed an to\u00e0n \u0111\u1eb7t l\u00ean h\u00e0ng \u0111\u1ea7u v\u00e0 ph\u1ee5c v\u1ee5 m\u00f9a d\u1ecbch 24\/7.<\/p>\n<p>Order: 0904.664.388 (+zalo)<\/p>\n<p>&nbsp;<\/p>\n","protected":false},"excerpt":{"rendered":"<p>\u0110\u00f4ng tr\u00f9ng h\u1ea1 th\u1ea3o Ph\u01b0\u01a1ng Th\u00f9y s\u1ea3n ph\u1ea9m v\u00ec s\u1ee9c kh\u1ecfe ng\u01b0\u1eddi vi\u1ec7t nh\u1eadn t\u00f4n vinh th\u01b0\u01a1ng hi\u1ec7u v\u00e0ng n\u00f4ng nghi\u1ec7p Vi\u1ec7t Nam n\u0103m 2021. \u0110\u1ec3 c\u00f3 m\u1ed9t s\u1ee9c kh\u1ecfe t\u1ed1t b\u1ea3o v\u1ec7 ng\u01b0\u1eddi th\u00e2n v\u00e0 gia \u0111\u00ecnh v\u01b0\u1ee3t qua d\u1ecbch b\u1ec7nh. \ud83d\ude9b Giao h\u00e0ng to\u00e0n qu\u1ed1c, nhanh ch\u00f3ng &#8211; \u0110\u01b0\u1ee3c ki\u1ec3m tra h\u00e0ng &#8211; [&#8230;]\n","protected":false},"author":1,"featured_media":0,"parent":0,"menu_order":0,"comment_status":"closed","ping_status":"closed","template":"","meta":[],"acf":[],"_links":{"self":[{"href":"https:\/\/dongtrung.vinastar.info\/index.php?rest_route=\/wp\/v2\/pages\/508"}],"collection":[{"href":"https:\/\/dongtrung.vinastar.info\/index.php?rest_route=\/wp\/v2\/pages"}],"about":[{"href":"https:\/\/dongtrung.vinastar.info\/index.php?rest_route=\/wp\/v2\/types\/page"}],"author":[{"embeddable":true,"href":"https:\/\/dongtrung.vinastar.info\/index.php?rest_route=\/wp\/v2\/users\/1"}],"replies":[{"embeddable":true,"href":"https:\/\/dongtrung.vinastar.info\/index.php?rest_route=%2Fwp%2Fv2%2Fcomments&post=508"}],"version-history":[{"count":0,"href":"https:\/\/dongtrung.vinastar.info\/index.php?rest_route=\/wp\/v2\/pages\/508\/revisions"}],"wp:attachment":[{"href":"https:\/\/dongtrung.vinastar.info\/index.php?rest_route=%2Fwp%2Fv2%2Fmedia&parent=508"}],"curies":[{"name":"wp","href":"https:\/\/api.w.org\/{rel}","templated":true}]}}